{"id":38,"date":"2023-02-20T02:44:44","date_gmt":"2023-02-20T02:44:44","guid":{"rendered":"https:\/\/demo.ovatheme.com\/aovis\/?page_id=38"},"modified":"2024-07-26T15:15:25","modified_gmt":"2024-07-26T15:15:25","slug":"kontakt","status":"publish","type":"page","link":"https:\/\/openair.al\/en\/kontakt\/","title":{"rendered":"Contact"},"content":{"rendered":"<div data-elementor-type=\"wp-page\" data-elementor-id=\"38\" class=\"elementor elementor-38\">\n\t\t\t\t\t\t<section class=\"elementor-section elementor-top-section elementor-element elementor-element-34407b9 elementor-section-boxed elementor-section-height-default elementor-section-height-default\" data-id=\"34407b9\" data-element_type=\"section\">\n\t\t\t\t\t\t<div class=\"elementor-container elementor-column-gap-default\">\n\t\t\t\t\t<div class=\"elementor-column elementor-col-100 elementor-top-column elementor-element elementor-element-b5e8793\" data-id=\"b5e8793\" data-element_type=\"column\">\n\t\t\t<div class=\"elementor-widget-wrap elementor-element-populated\">\n\t\t\t\t\t\t<div class=\"elementor-element elementor-element-49147d5 elementor-widget elementor-widget-aovis_elementor_heading\" data-id=\"49147d5\" data-element_type=\"widget\" data-widget_type=\"aovis_elementor_heading.default\">\n\t\t\t\t<div class=\"elementor-widget-container\">\n\t\t\t\t\t\n\t\t<div class=\"ova-heading ova-heading-template1\">\n            \n            <div class=\"icon\">\n            \t\t\t\t\t\t<i aria-hidden=\"true\" class=\"flaticon flaticon-film-roll\"><\/i>\t\t\t\t            <\/div>\n\n\t\t\t<div class=\"top-heading\">\n\t\t\t\t\t\t\t\t\t<p class=\"sub-title\">Write us<\/p>\n\t\t\t\t\n\t\t\t\t\n\t\t\t\t\t\n\t\t\t\t\t\t<h2 class=\"title\">for any questions or reservations<\/h2>\n\n\t\t\t\t\t\n\t\t\t\t\t\t\t<\/div>\n\n\t\t\t\n\t\t<\/div>\n\t\t \t\n\t\t\t\t\t\t<\/div>\n\t\t\t\t<\/div>\n\t\t\t\t<div class=\"elementor-element elementor-element-53cc65f elementor-widget elementor-widget-shortcode\" data-id=\"53cc65f\" data-element_type=\"widget\" data-widget_type=\"shortcode.default\">\n\t\t\t\t<div class=\"elementor-widget-container\">\n\t\t\t\t\t\t\t<div class=\"elementor-shortcode\">\n<div class=\"wpcf7 no-js\" id=\"wpcf7-f5583-o1\" lang=\"en-US\" dir=\"ltr\" data-wpcf7-id=\"5583\">\n<div class=\"screen-reader-response\"><p role=\"status\" aria-live=\"polite\" aria-atomic=\"true\"><\/p> <ul><\/ul><\/div>\n<form action=\"\/en\/wp-json\/wp\/v2\/pages\/38#wpcf7-f5583-o1\" method=\"post\" class=\"wpcf7-form init\" aria-label=\"Contact form\" novalidate=\"novalidate\" data-status=\"init\" data-trp-original-action=\"\/en\/wp-json\/wp\/v2\/pages\/38#wpcf7-f5583-o1\">\n<fieldset class=\"hidden-fields-container\"><input type=\"hidden\" name=\"_wpcf7\" value=\"5583\" \/><input type=\"hidden\" name=\"_wpcf7_version\" value=\"6.1.1\" \/><input type=\"hidden\" name=\"_wpcf7_locale\" value=\"en_US\" \/><input type=\"hidden\" name=\"_wpcf7_unit_tag\" value=\"wpcf7-f5583-o1\" \/><input type=\"hidden\" name=\"_wpcf7_container_post\" value=\"0\" \/><input type=\"hidden\" name=\"_wpcf7_posted_data_hash\" value=\"\" \/>\n<\/fieldset>\n<p><label> Your name<br \/>\n<span class=\"wpcf7-form-control-wrap\" data-name=\"your-name\"><input size=\"40\" maxlength=\"400\" class=\"wpcf7-form-control wpcf7-text wpcf7-validates-as-required\" autocomplete=\"name\" aria-required=\"true\" aria-invalid=\"false\" value=\"\" type=\"text\" name=\"your-name\" \/><\/span> <\/label>\n<\/p>\n<p><label> Your Email<br \/>\n<span class=\"wpcf7-form-control-wrap\" data-name=\"your-email\"><input size=\"40\" maxlength=\"400\" class=\"wpcf7-form-control wpcf7-email wpcf7-validates-as-required wpcf7-text wpcf7-validates-as-email\" autocomplete=\"email\" aria-required=\"true\" aria-invalid=\"false\" value=\"\" type=\"email\" name=\"your-email\" \/><\/span> <\/label>\n<\/p>\n<p><label> Your message (optional)<br \/>\n<span class=\"wpcf7-form-control-wrap\" data-name=\"your-message\"><textarea cols=\"40\" rows=\"10\" maxlength=\"2000\" class=\"wpcf7-form-control wpcf7-textarea\" aria-invalid=\"false\" name=\"your-message\"><\/textarea><\/span> <\/label>\n<\/p>\n<p><input class=\"wpcf7-form-control wpcf7-submit has-spinner\" type=\"submit\" value=\"Send\" \/>\n<\/p><div class=\"wpcf7-response-output\" aria-hidden=\"true\"><\/div>\n<input type=\"hidden\" name=\"trp-form-language\" value=\"en\"\/><\/form>\n<\/div>\n<\/div>\n\t\t\t\t\t\t<\/div>\n\t\t\t\t<\/div>\n\t\t\t\t\t<\/div>\n\t\t<\/div>\n\t\t\t\t\t<\/div>\n\t\t<\/section>\n\t\t\t\t<section class=\"elementor-section elementor-top-section elementor-element elementor-element-3e5e475 elementor-section-boxed elementor-section-height-default elementor-section-height-default\" data-id=\"3e5e475\" data-element_type=\"section\">\n\t\t\t\t\t\t\t<div class=\"elementor-background-overlay\"><\/div>\n\t\t\t\t\t\t\t<div class=\"elementor-container elementor-column-gap-extended\">\n\t\t\t\t\t<div class=\"elementor-column elementor-col-33 elementor-top-column elementor-element elementor-element-f7e58e9\" data-id=\"f7e58e9\" data-element_type=\"column\">\n\t\t\t<div class=\"elementor-widget-wrap elementor-element-populated\">\n\t\t\t\t\t\t<div class=\"elementor-element elementor-element-12ef2eb elementor-widget elementor-widget-aovis_elementor_contact_info\" data-id=\"12ef2eb\" data-element_type=\"widget\" data-widget_type=\"aovis_elementor_contact_info.default\">\n\t\t\t\t<div class=\"elementor-widget-container\">\n\t\t\t\t\t\t\t\t<div class=\"ova-contact-info\">\n\t\t\t\t<div class=\"content\">\n\n\t\t\t\t\t\n\t                \t<h3 class=\"title\">Information<\/h3>\n\n\t                \n\t                <ul class=\"info\">\n\t                \t\n\t                \t \n\t                \t\t\n\t                \t\t<li class=\"item\">\n\t                \t\t\t\t\t\t\t\t\t\t\t\t    \n\t\t\t\t\t\t\t\t\t\t\t<p>The ticket costs 400 ALL.\nThe movie starts every day at 21:00.<\/p>\n\n\t\t\t\t\t\t\t\t\t     \n\t                \t\t<\/li>\n\n\t                \t\n\t                <\/ul>\n\n\t\t\t\t<\/div>\n                \n\n\t\t\t\t\t\t\t\t\t<span class=\"icon\"><i aria-hidden=\"true\" class=\"flaticon flaticon-contact-us\"><\/i><\/span> \n\t\t\t\t\n\t\t\t\t<div class=\"background\"\n\t\t \t    \tstyle=\"background-image: url(https:\/\/demo.ovatheme.com\/aovis\/wp-content\/uploads\/2023\/03\/background-contact-info-1.png)\"\n                >\t\n                <\/div>\n\n                <div class=\"overlay\"><\/div>\n\n                <div class=\"border-wrapper\"><\/div>\n\n\t\t\t<\/div>\n\t\t\t\t\t\n\t\t\t\t\t\t<\/div>\n\t\t\t\t<\/div>\n\t\t\t\t\t<\/div>\n\t\t<\/div>\n\t\t\t\t<div class=\"elementor-column elementor-col-33 elementor-top-column elementor-element elementor-element-4bc0068\" data-id=\"4bc0068\" data-element_type=\"column\">\n\t\t\t<div class=\"elementor-widget-wrap elementor-element-populated\">\n\t\t\t\t\t\t<div class=\"elementor-element elementor-element-762c11c elementor-widget elementor-widget-aovis_elementor_contact_info\" data-id=\"762c11c\" data-element_type=\"widget\" data-widget_type=\"aovis_elementor_contact_info.default\">\n\t\t\t\t<div class=\"elementor-widget-container\">\n\t\t\t\t\t\t\t\t<div class=\"ova-contact-info\">\n\t\t\t\t<div class=\"content\">\n\n\t\t\t\t\t\n\t                \t<h3 class=\"title\">Adresa<\/h3>\n\n\t                \n\t                <ul class=\"info\">\n\t                \t\n\t                \t \n\t                \t\t\n\t                \t\t<li class=\"item\">\n\t                \t\t\t<a href=\"https:\/\/www.google.com\/maps\" target=\"_blank\" title=\"Artificial Lake, in front of the tennis courts, Tirana 1005\">Artificial Lake, in front of the tennis courts, Tirana 1005<\/a> \n\t                \t\t<\/li>\n\n\t                \t\n\t                <\/ul>\n\n\t\t\t\t<\/div>\n                \n\n\t\t\t\t\t\t\t\t\t<span class=\"icon\"><i aria-hidden=\"true\" class=\"flaticon flaticon-location\"><\/i><\/span> \n\t\t\t\t\n\t\t\t\t<div class=\"background\"\n\t\t \t    \tstyle=\"background-image: url(https:\/\/demo.ovatheme.com\/aovis\/wp-content\/uploads\/2023\/03\/background-contact-info-1.png)\"\n                >\t\n                <\/div>\n\n                <div class=\"overlay\"><\/div>\n\n                <div class=\"border-wrapper\"><\/div>\n\n\t\t\t<\/div>\n\t\t\t\t\t\n\t\t\t\t\t\t<\/div>\n\t\t\t\t<\/div>\n\t\t\t\t\t<\/div>\n\t\t<\/div>\n\t\t\t\t<div class=\"elementor-column elementor-col-33 elementor-top-column elementor-element elementor-element-8b4f8e0\" data-id=\"8b4f8e0\" data-element_type=\"column\">\n\t\t\t<div class=\"elementor-widget-wrap elementor-element-populated\">\n\t\t\t\t\t\t<div class=\"elementor-element elementor-element-c24b6f6 elementor-widget elementor-widget-aovis_elementor_contact_info\" data-id=\"c24b6f6\" data-element_type=\"widget\" data-widget_type=\"aovis_elementor_contact_info.default\">\n\t\t\t\t<div class=\"elementor-widget-container\">\n\t\t\t\t\t\t\t\t<div class=\"ova-contact-info\">\n\t\t\t\t<div class=\"content\">\n\n\t\t\t\t\t\n\t                \t<h3 class=\"title\">Contact<\/h3>\n\n\t                \n\t                <ul class=\"info\">\n\t                \t\n\t                \t \n\t                \t\t\n\t                \t\t<li class=\"item\">\n\t                \t\t\t\t\t\t\t\t\t\t\t\t    \n\t\t\t\t\t\t\t\t\t\t\t<a href=\"tel:069 208 0623\" title=\" address \">+355 69 208 0623<\/a>\n\n\t\t\t\t\t\t\t\t\t     \n\t                \t\t<\/li>\n\n\t                \t \n\t                \t\t\n\t                \t\t<li class=\"item\">\n\t                \t\t\t\t\t\t\t\t\t\t\t\t\t\n\t\t\t\t\t\t\t\t\t\t\t<a href=\"mailto:a.minxhozi@openair.al\" title=\"address\">a.minxhozi@openair.al<\/a>\n\n\t\t\t\t\t\t\t\t\t\t \n\t                \t\t<\/li>\n\n\t                \t \n\t                \t\t\n\t                \t\t<li class=\"item\">\n\t                \t\t\t\t\t\t\t\t\t\t\t\t\t\n\t\t\t\t\t\t\t\t\t\t\t<a href=\"mailto:rezervime@openair.al\" title=\"address\">rezervime@openair.al<\/a>\n\n\t\t\t\t\t\t\t\t\t\t \n\t                \t\t<\/li>\n\n\t                \t\n\t                <\/ul>\n\n\t\t\t\t<\/div>\n                \n\n\t\t\t\t\t\t\t\t\t<span class=\"icon\"><i aria-hidden=\"true\" class=\"flaticon flaticon-call\"><\/i><\/span> \n\t\t\t\t\n\t\t\t\t<div class=\"background\"\n\t\t \t    \tstyle=\"background-image: url(https:\/\/demo.ovatheme.com\/aovis\/wp-content\/uploads\/2023\/03\/background-contact-info-1.png)\"\n                >\t\n                <\/div>\n\n                <div class=\"overlay\"><\/div>\n\n                <div class=\"border-wrapper\"><\/div>\n\n\t\t\t<\/div>\n\t\t\t\t\t\n\t\t\t\t\t\t<\/div>\n\t\t\t\t<\/div>\n\t\t\t\t\t<\/div>\n\t\t<\/div>\n\t\t\t\t\t<\/div>\n\t\t<\/section>\n\t\t\t\t<section class=\"elementor-section elementor-top-section elementor-element elementor-element-5aa8682 elementor-section-full_width elementor-section-height-default elementor-section-height-default\" data-id=\"5aa8682\" data-element_type=\"section\">\n\t\t\t\t\t\t<div class=\"elementor-container elementor-column-gap-no\">\n\t\t\t\t\t<div class=\"elementor-column elementor-col-100 elementor-top-column elementor-element elementor-element-b1dc425\" data-id=\"b1dc425\" data-element_type=\"column\">\n\t\t\t<div class=\"elementor-widget-wrap elementor-element-populated\">\n\t\t\t\t\t\t<div class=\"elementor-element elementor-element-10af393 elementor-widget elementor-widget-google_maps\" data-id=\"10af393\" data-element_type=\"widget\" data-widget_type=\"google_maps.default\">\n\t\t\t\t<div class=\"elementor-widget-container\">\n\t\t\t\t\t\t\t<div class=\"elementor-custom-embed\">\n\t\t\t<iframe loading=\"lazy\"\n\t\t\t\t\tsrc=\"https:\/\/maps.google.com\/maps?q=open%20air%20tirana&#038;t=m&#038;z=15&#038;output=embed&#038;iwloc=near\"\n\t\t\t\t\ttitle=\"open air tirana\"\n\t\t\t\t\taria-label=\"open air tirana\"\n\t\t\t><\/iframe>\n\t\t<\/div>\n\t\t\t\t\t\t<\/div>\n\t\t\t\t<\/div>\n\t\t\t\t\t<\/div>\n\t\t<\/div>\n\t\t\t\t\t<\/div>\n\t\t<\/section>\n\t\t\t\t<\/div>","protected":false},"excerpt":{"rendered":"<p>Na shkruaj p\u00ebr \u00e7do pyetje apo rezervim Informacion Bileta kushton 400 lek\u00eb. Filmi fillon \u00e7do dit\u00eb n\u00eb or\u00ebn 21:00. Adresa Liqeni Artificial, p\u00ebrball\u00eb fushave t\u00eb tenisit Tirana 1005 Kontakt +355 69 208 0623 a.minxhozi@openair.al rezervime@openair.al<\/p>","protected":false},"author":1,"featured_media":0,"parent":0,"menu_order":0,"comment_status":"closed","ping_status":"closed","template":"elementor_header_footer","meta":{"om_disable_all_campaigns":false,"_monsterinsights_skip_tracking":false,"_monsterinsights_sitenote_active":false,"_monsterinsights_sitenote_note":"","_monsterinsights_sitenote_category":0,"_uf_show_specific_survey":0,"_uf_disable_surveys":false,"footnotes":""},"class_list":["post-38","page","type-page","status-publish","hentry"],"aioseo_notices":[],"_links":{"self":[{"href":"https:\/\/openair.al\/en\/wp-json\/wp\/v2\/pages\/38","targetHints":{"allow":["GET"]}}],"collection":[{"href":"https:\/\/openair.al\/en\/wp-json\/wp\/v2\/pages"}],"about":[{"href":"https:\/\/openair.al\/en\/wp-json\/wp\/v2\/types\/page"}],"author":[{"embeddable":true,"href":"https:\/\/openair.al\/en\/wp-json\/wp\/v2\/users\/1"}],"replies":[{"embeddable":true,"href":"https:\/\/openair.al\/en\/wp-json\/wp\/v2\/comments?post=38"}],"version-history":[{"count":34,"href":"https:\/\/openair.al\/en\/wp-json\/wp\/v2\/pages\/38\/revisions"}],"predecessor-version":[{"id":6095,"href":"https:\/\/openair.al\/en\/wp-json\/wp\/v2\/pages\/38\/revisions\/6095"}],"wp:attachment":[{"href":"https:\/\/openair.al\/en\/wp-json\/wp\/v2\/media?parent=38"}],"curies":[{"name":"wp","href":"https:\/\/api.w.org\/{rel}","templated":true}]}}