{"id":4156,"date":"2023-03-27T09:08:02","date_gmt":"2023-03-27T09:08:02","guid":{"rendered":"https:\/\/demo.ovatheme.com\/aovis\/?page_id=4156"},"modified":"2024-07-26T14:20:06","modified_gmt":"2024-07-26T14:20:06","slug":"filma","status":"publish","type":"page","link":"https:\/\/openair.al\/en\/filma\/","title":{"rendered":"Movies of the week"},"content":{"rendered":"<div data-elementor-type=\"wp-page\" data-elementor-id=\"4156\" class=\"elementor elementor-4156\">\n\t\t\t\t<div class=\"elementor-element elementor-element-944d781 e-flex e-con-boxed e-con e-parent\" data-id=\"944d781\" data-element_type=\"container\">\n\t\t\t\t\t<div class=\"e-con-inner\">\n\t\t\t\t<div class=\"elementor-element elementor-element-5808501 elementor-widget elementor-widget-movie_list\" data-id=\"5808501\" data-element_type=\"widget\" data-widget_type=\"movie_list.default\">\n\t\t\t\t<div class=\"elementor-widget-container\">\n\t\t\t\t\t\n<div class=\"mb-movie-list mb-movie-list-template1 three_column\">\n\n\t\n\t\t\n\t<div class=\"mb-movie-item item-template1\">\n        \n        <a href=\"https:\/\/openair.al\/en\/movie\/spy-2015\/\" title=\"Spy (2015)\">\n\t\t\t<div class=\"movie-image\">\n\t\t\t\t<img decoding=\"async\" src=\"https:\/\/openair.al\/wp-content\/plugins\/elementor\/assets\/images\/placeholder.png\" alt=\"Spy (2015)\">\n\t\t\t<\/div>\n\t\t<\/a>\n\n\t\t<div class=\"movie-info\">\n\t\t\t<div class=\"categories-and-time\">\n\t            \t                <div class=\"movie-category\">\n\t                    <a href=\"https:\/\/openair.al\/en\/movie_cat\/action\/\" title=\"Action\">Action<\/a>, <a href=\"https:\/\/openair.al\/en\/movie_cat\/adventure\/\" title=\"Adventure\">Adventure<\/a>, <a href=\"https:\/\/openair.al\/en\/movie_cat\/comedy\/\" title=\"Comedy\">Comedy<\/a>\t                <\/div>\n\t                            \n                \n\t            \t        <\/div>\n\t        \n\t        <a href=\"https:\/\/openair.al\/en\/movie\/spy-2015\/\" title=\"Spy (2015)\">\n\t\t        <h3 class=\"movie-title\">\n\t\t\t\t\tSpy (2015)\t\t\t\t<\/h3>\n\t\t\t<\/a>\t\n\n\t\t\t\n    <a href=\"https:\/\/openair.al\/en\/product\/spy-2015\/%20\/\" target=\"_blank\">\n        <button class=\"btn btn-custom-link\">\n            Get the ticket        <\/button> \n    <\/a>\n\t\t\t\n\t\t<\/div>\t\t\t\n\n\t<\/div>\n\t\t\n\t<div class=\"mb-movie-item item-template1\">\n        \n        <a href=\"https:\/\/openair.al\/en\/movie\/rapunzel\/\" title=\"Rapunzel\">\n\t\t\t<div class=\"movie-image\">\n\t\t\t\t<img decoding=\"async\" src=\"https:\/\/openair.al\/wp-content\/plugins\/elementor\/assets\/images\/placeholder.png\" alt=\"Rapunzel\">\n\t\t\t<\/div>\n\t\t<\/a>\n\n\t\t<div class=\"movie-info\">\n\t\t\t<div class=\"categories-and-time\">\n\t            \t                <div class=\"movie-category\">\n\t                    <a href=\"https:\/\/openair.al\/en\/movie_cat\/animation\/\" title=\"Animation\">Animation<\/a>\t                <\/div>\n\t                            \n                \n\t            \t        <\/div>\n\t        \n\t        <a href=\"https:\/\/openair.al\/en\/movie\/rapunzel\/\" title=\"Rapunzel\">\n\t\t        <h3 class=\"movie-title\">\n\t\t\t\t\tRapunzel\t\t\t\t<\/h3>\n\t\t\t<\/a>\t\n\n\t\t\t\n    <a href=\"https:\/\/openair.al\/en\/product\/rapunzel\/%20\u200e\/\" target=\"_blank\">\n        <button class=\"btn btn-custom-link\">\n            Get the ticket        <\/button> \n    <\/a>\n\t\t\t\n\t\t<\/div>\t\t\t\n\n\t<\/div>\n\t\t\n\t<div class=\"mb-movie-item item-template1\">\n        \n        <a href=\"https:\/\/openair.al\/en\/movie\/the-dark-knight-e-diel-15-shtator\/\" title=\"The Dark Knight\">\n\t\t\t<div class=\"movie-image\">\n\t\t\t\t<img decoding=\"async\" src=\"https:\/\/openair.al\/wp-content\/uploads\/2024\/09\/thedarkknight.jpg\" alt=\"The Dark Knight\">\n\t\t\t<\/div>\n\t\t<\/a>\n\n\t\t<div class=\"movie-info\">\n\t\t\t<div class=\"categories-and-time\">\n\t            \t                <div class=\"movie-category\">\n\t                    <a href=\"https:\/\/openair.al\/en\/movie_cat\/action\/\" title=\"Action\">Action<\/a>, <a href=\"https:\/\/openair.al\/en\/movie_cat\/drame\/\" title=\"Drama\">Drama<\/a>, <a href=\"https:\/\/openair.al\/en\/movie_cat\/crime\/\" title=\"Krim\">Krim<\/a>, <a href=\"https:\/\/openair.al\/en\/movie_cat\/thriller\/\" title=\"Thriller\">Thriller<\/a>\t                <\/div>\n\t                            \n                \n\t            \t        <\/div>\n\t        \n\t        <a href=\"https:\/\/openair.al\/en\/movie\/the-dark-knight-e-diel-15-shtator\/\" title=\"The Dark Knight\">\n\t\t        <h3 class=\"movie-title\">\n\t\t\t\t\tThe Dark Knight\t\t\t\t<\/h3>\n\t\t\t<\/a>\t\n\n\t\t\t\n    <a href=\"https:\/\/openair.al\/en\/product\/the-dark-knight-e-diel-15-shtator\/\" target=\"_blank\">\n        <button class=\"btn btn-custom-link\">\n            Get the ticket        <\/button> \n    <\/a>\n\t\t\t\n\t\t<\/div>\t\t\t\n\n\t<\/div>\n\t\t\n\t<div class=\"mb-movie-item item-template1\">\n        \n        <a href=\"https:\/\/openair.al\/en\/movie\/cmendurite-e-perandorit-kusko-dublim-shqip\/\" title=\"\u00c7mendurit\u00eb e perandorit Kusko (dublim shqip)\">\n\t\t\t<div class=\"movie-image\">\n\t\t\t\t<img decoding=\"async\" src=\"https:\/\/openair.al\/wp-content\/plugins\/elementor\/assets\/images\/placeholder.png\" alt=\"\u00c7mendurit\u00eb e perandorit Kusko (dublim shqip)\">\n\t\t\t<\/div>\n\t\t<\/a>\n\n\t\t<div class=\"movie-info\">\n\t\t\t<div class=\"categories-and-time\">\n\t            \t                <div class=\"movie-category\">\n\t                    <a href=\"https:\/\/openair.al\/en\/movie_cat\/animation\/\" title=\"Animation\">Animation<\/a>\t                <\/div>\n\t                            \n                \n\t            \t        <\/div>\n\t        \n\t        <a href=\"https:\/\/openair.al\/en\/movie\/cmendurite-e-perandorit-kusko-dublim-shqip\/\" title=\"\u00c7mendurit\u00eb e perandorit Kusko (dublim shqip)\">\n\t\t        <h3 class=\"movie-title\">\n\t\t\t\t\t\u00c7mendurit\u00eb e perandorit Kusko (dublim shqip)\t\t\t\t<\/h3>\n\t\t\t<\/a>\t\n\n\t\t\t\n    <a href=\"https:\/\/openair.al\/en\/product\/cmendurite-e-per\u2026sko-dublim-shqip\/\" target=\"_blank\">\n        <button class=\"btn btn-custom-link\">\n            Get the ticket        <\/button> \n    <\/a>\n\t\t\t\n\t\t<\/div>\t\t\t\n\n\t<\/div>\n\t\t\n\t<div class=\"mb-movie-item item-template1\">\n        \n        <a href=\"https:\/\/openair.al\/en\/movie\/the-other-woman-2014-e-premte-01-gusht\/\" title=\"&#8220;The Other Woman&#8221; 2014\">\n\t\t\t<div class=\"movie-image\">\n\t\t\t\t<img decoding=\"async\" src=\"https:\/\/openair.al\/wp-content\/uploads\/2025\/07\/The-Other-Woman-cover.jpg\" alt=\"&#8220;The Other Woman&#8221; 2014\">\n\t\t\t<\/div>\n\t\t<\/a>\n\n\t\t<div class=\"movie-info\">\n\t\t\t<div class=\"categories-and-time\">\n\t            \t                <div class=\"movie-category\">\n\t                    <a href=\"https:\/\/openair.al\/en\/movie_cat\/comedy\/\" title=\"Comedy\">Comedy<\/a>, <a href=\"https:\/\/openair.al\/en\/movie_cat\/romance\/\" title=\"Romance\">Romance<\/a>\t                <\/div>\n\t                            \n                \t            \t<div class=\"separator\">\/<\/div>\n\t            \n\t            \t                <span class=\"running-time\">\n\t                    1h 49m \n\t                <\/span>\n\t            \t        <\/div>\n\t        \n\t        <a href=\"https:\/\/openair.al\/en\/movie\/the-other-woman-2014-e-premte-01-gusht\/\" title=\"&#8220;The Other Woman&#8221; 2014\">\n\t\t        <h3 class=\"movie-title\">\n\t\t\t\t\t&#8220;The Other Woman&#8221; 2014\t\t\t\t<\/h3>\n\t\t\t<\/a>\t\n\n\t\t\t\n    <a href=\"https:\/\/openair.al\/en\/product\/the-other-woman-2014-e-premte-01-gusht\/\" target=\"_blank\">\n        <button class=\"btn btn-custom-link\">\n            Get the ticket        <\/button> \n    <\/a>\n\t\t\t\n\t\t<\/div>\t\t\t\n\n\t<\/div>\n\t\t\n\t<div class=\"mb-movie-item item-template1\">\n        \n        <a href=\"https:\/\/openair.al\/en\/movie\/friends-with-benefits-2011\/\" title=\"Friends with benefits 2011\">\n\t\t\t<div class=\"movie-image\">\n\t\t\t\t<img decoding=\"async\" src=\"https:\/\/openair.al\/wp-content\/plugins\/elementor\/assets\/images\/placeholder.png\" alt=\"Friends with benefits 2011\">\n\t\t\t<\/div>\n\t\t<\/a>\n\n\t\t<div class=\"movie-info\">\n\t\t\t<div class=\"categories-and-time\">\n\t            \t                <div class=\"movie-category\">\n\t                    <a href=\"https:\/\/openair.al\/en\/movie_cat\/comedy\/\" title=\"Comedy\">Comedy<\/a>, <a href=\"https:\/\/openair.al\/en\/movie_cat\/romance\/\" title=\"Romance\">Romance<\/a>\t                <\/div>\n\t                            \n                \n\t            \t        <\/div>\n\t        \n\t        <a href=\"https:\/\/openair.al\/en\/movie\/friends-with-benefits-2011\/\" title=\"Friends with benefits 2011\">\n\t\t        <h3 class=\"movie-title\">\n\t\t\t\t\tFriends with benefits 2011\t\t\t\t<\/h3>\n\t\t\t<\/a>\t\n\n\t\t\t\n    <a href=\"https:\/\/openair.al\/en\/product\/friends-with-benefits-2011\/\" target=\"_blank\">\n        <button class=\"btn btn-custom-link\">\n            Get the ticket        <\/button> \n    <\/a>\n\t\t\t\n\t\t<\/div>\t\t\t\n\n\t<\/div>\n\t\t\n\t<div class=\"mb-movie-item item-template1\">\n        \n        <a href=\"https:\/\/openair.al\/en\/movie\/white-chicks-2004-4-gusht-e-diel\/\" title=\"White chicks (2004)\">\n\t\t\t<div class=\"movie-image\">\n\t\t\t\t<img decoding=\"async\" src=\"https:\/\/openair.al\/wp-content\/uploads\/2024\/07\/WhiteChicks-OpenAirAlbania.jpg\" alt=\"White chicks (2004)\">\n\t\t\t<\/div>\n\t\t<\/a>\n\n\t\t<div class=\"movie-info\">\n\t\t\t<div class=\"categories-and-time\">\n\t            \t                <div class=\"movie-category\">\n\t                    <a href=\"https:\/\/openair.al\/en\/movie_cat\/comedy\/\" title=\"Comedy\">Comedy<\/a>, <a href=\"https:\/\/openair.al\/en\/movie_cat\/crime\/\" title=\"Krim\">Krim<\/a>\t                <\/div>\n\t                            \n                \n\t            \t        <\/div>\n\t        \n\t        <a href=\"https:\/\/openair.al\/en\/movie\/white-chicks-2004-4-gusht-e-diel\/\" title=\"White chicks (2004)\">\n\t\t        <h3 class=\"movie-title\">\n\t\t\t\t\tWhite chicks (2004)\t\t\t\t<\/h3>\n\t\t\t<\/a>\t\n\n\t\t\t\n    <a href=\"https:\/\/openair.al\/en\/product\/white-chicks-2004-4-gusht-e-diel\/\" target=\"_blank\">\n        <button class=\"btn btn-custom-link\">\n            Get the ticket        <\/button> \n    <\/a>\n\t\t\t\n\t\t<\/div>\t\t\t\n\n\t<\/div>\n\t\t\n\t<div class=\"mb-movie-item item-template1\">\n        \n        <a href=\"https:\/\/openair.al\/en\/movie\/cine-oke-cdo-te-premte\/\" title=\"CINE-OKE [\u00c7do t\u00eb premte]\">\n\t\t\t<div class=\"movie-image\">\n\t\t\t\t<img decoding=\"async\" src=\"https:\/\/openair.al\/wp-content\/uploads\/2025\/07\/Cineoke-cover-OAT-web.jpg\" alt=\"CINE-OKE [\u00c7do t\u00eb premte]\">\n\t\t\t<\/div>\n\t\t<\/a>\n\n\t\t<div class=\"movie-info\">\n\t\t\t<div class=\"categories-and-time\">\n\t            \t                <div class=\"movie-category\">\n\t                    <a href=\"https:\/\/openair.al\/en\/movie_cat\/karaoke\/\" title=\"Karaoke\">Karaoke<\/a>\t                <\/div>\n\t                            \n                \n\t            \t        <\/div>\n\t        \n\t        <a href=\"https:\/\/openair.al\/en\/movie\/cine-oke-cdo-te-premte\/\" title=\"CINE-OKE [\u00c7do t\u00eb premte]\">\n\t\t        <h3 class=\"movie-title\">\n\t\t\t\t\tCINE-OKE [\u00c7do t\u00eb premte]\t\t\t\t<\/h3>\n\t\t\t<\/a>\t\n\n\t\t\t\n    <a href=\"https:\/\/openair.al\/en\/product\/cine-oke-cdo-te-premte\/\" target=\"_blank\">\n        <button class=\"btn btn-custom-link\">\n            Get the ticket        <\/button> \n    <\/a>\n\t\t\t\n\t\t<\/div>\t\t\t\n\n\t<\/div>\n\t\t\n\t<div class=\"mb-movie-item item-template1\">\n        \n        <a href=\"https:\/\/openair.al\/en\/movie\/borebardha-dublim-shqip-e-diel-03-gusht\/\" title=\"&#8220;Bor\u00ebbardha&#8221; Dublim Shqip [E Diel, 03 Gusht]\">\n\t\t\t<div class=\"movie-image\">\n\t\t\t\t<img decoding=\"async\" src=\"https:\/\/openair.al\/wp-content\/uploads\/2025\/07\/Borebardha-cover.jpg\" alt=\"&#8220;Bor\u00ebbardha&#8221; Dublim Shqip [E Diel, 03 Gusht]\">\n\t\t\t<\/div>\n\t\t<\/a>\n\n\t\t<div class=\"movie-info\">\n\t\t\t<div class=\"categories-and-time\">\n\t            \t                <div class=\"movie-category\">\n\t                    <a href=\"https:\/\/openair.al\/en\/movie_cat\/animation\/\" title=\"Animation\">Animation<\/a>, <a href=\"https:\/\/openair.al\/en\/movie_cat\/dublim-shqip\/\" title=\"Albanian-dubbed\">Albanian-dubbed<\/a>\t                <\/div>\n\t                            \n                \t            \t<div class=\"separator\">\/<\/div>\n\t            \n\t            \t                <span class=\"running-time\">\n\t                    1h 25m \n\t                <\/span>\n\t            \t        <\/div>\n\t        \n\t        <a href=\"https:\/\/openair.al\/en\/movie\/borebardha-dublim-shqip-e-diel-03-gusht\/\" title=\"&#8220;Bor\u00ebbardha&#8221; Dublim Shqip [E Diel, 03 Gusht]\">\n\t\t        <h3 class=\"movie-title\">\n\t\t\t\t\t&#8220;Bor\u00ebbardha&#8221; Dublim Shqip [E Diel, 03 Gusht]\t\t\t\t<\/h3>\n\t\t\t<\/a>\t\n\n\t\t\t\n    <a href=\"https:\/\/openair.al\/en\/product\/borebardha-dublim-shqip-e-diel-03-gusht\/\" target=\"_blank\">\n        <button class=\"btn btn-custom-link\">\n            Get the ticket        <\/button> \n    <\/a>\n\t\t\t\n\t\t<\/div>\t\t\t\n\n\t<\/div>\n\t\t\n\t<div class=\"mb-movie-item item-template1\">\n        \n        <a href=\"https:\/\/openair.al\/en\/movie\/me-before-you-2016-e-shtune-02-gusht\/\" title=\"&#8220;Me Before You&#8221; 2016 [E Shtun\u00eb, 02 Gusht]\">\n\t\t\t<div class=\"movie-image\">\n\t\t\t\t<img decoding=\"async\" src=\"https:\/\/openair.al\/wp-content\/uploads\/2025\/07\/Me-Before-You-cover.jpg\" alt=\"&#8220;Me Before You&#8221; 2016 [E Shtun\u00eb, 02 Gusht]\">\n\t\t\t<\/div>\n\t\t<\/a>\n\n\t\t<div class=\"movie-info\">\n\t\t\t<div class=\"categories-and-time\">\n\t            \t                <div class=\"movie-category\">\n\t                    <a href=\"https:\/\/openair.al\/en\/movie_cat\/drame\/\" title=\"Drama\">Drama<\/a>, <a href=\"https:\/\/openair.al\/en\/movie_cat\/romance\/\" title=\"Romance\">Romance<\/a>\t                <\/div>\n\t                            \n                \t            \t<div class=\"separator\">\/<\/div>\n\t            \n\t            \t                <span class=\"running-time\">\n\t                    1h 50m \n\t                <\/span>\n\t            \t        <\/div>\n\t        \n\t        <a href=\"https:\/\/openair.al\/en\/movie\/me-before-you-2016-e-shtune-02-gusht\/\" title=\"&#8220;Me Before You&#8221; 2016 [E Shtun\u00eb, 02 Gusht]\">\n\t\t        <h3 class=\"movie-title\">\n\t\t\t\t\t&#8220;Me Before You&#8221; 2016 [E Shtun\u00eb, 02 Gusht]\t\t\t\t<\/h3>\n\t\t\t<\/a>\t\n\n\t\t\t\n    <a href=\"https:\/\/openair.al\/en\/product\/me-before-you-2016-e-shtune-02-gusht\/\" target=\"_blank\">\n        <button class=\"btn btn-custom-link\">\n            Get the ticket        <\/button> \n    <\/a>\n\t\t\t\n\t\t<\/div>\t\t\t\n\n\t<\/div>\n<\/div>\t\t\t\t<\/div>\n\t\t\t\t<\/div>\n\t\t\t\t\t<\/div>\n\t\t\t\t<\/div>\n\t\t\t\t<\/div>","protected":false},"excerpt":{"rendered":"<p>Sport Ndeshja finalja [E diel\u00eb 14 korrik] Merr bilet\u00ebn Aventur\u00eb, Dublim shqip, Komedi Kung Fu Panda 4 [E shtun\u00eb 13 korrik] Merr bilet\u00ebn Aventur\u00eb, Dublim shqip, Komedi Epoka e akullnajave 5 [E premte 12 korrik] Merr bilet\u00ebn Komedi, Romanc\u00eb I think like a man too [E enjte 11 korrik] Merr bilet\u00ebn Sport Ndeshje gjysm\u00eb-finale [E [&hellip;]<\/p>","protected":false},"author":1,"featured_media":0,"parent":0,"menu_order":0,"comment_status":"closed","ping_status":"closed","template":"","meta":{"om_disable_all_campaigns":false,"_monsterinsights_skip_tracking":false,"_monsterinsights_sitenote_active":false,"_monsterinsights_sitenote_note":"","_monsterinsights_sitenote_category":0,"_uf_show_specific_survey":0,"_uf_disable_surveys":false,"footnotes":""},"class_list":["post-4156","page","type-page","status-publish","hentry"],"aioseo_notices":[],"_links":{"self":[{"href":"https:\/\/openair.al\/en\/wp-json\/wp\/v2\/pages\/4156","targetHints":{"allow":["GET"]}}],"collection":[{"href":"https:\/\/openair.al\/en\/wp-json\/wp\/v2\/pages"}],"about":[{"href":"https:\/\/openair.al\/en\/wp-json\/wp\/v2\/types\/page"}],"author":[{"embeddable":true,"href":"https:\/\/openair.al\/en\/wp-json\/wp\/v2\/users\/1"}],"replies":[{"embeddable":true,"href":"https:\/\/openair.al\/en\/wp-json\/wp\/v2\/comments?post=4156"}],"version-history":[{"count":11,"href":"https:\/\/openair.al\/en\/wp-json\/wp\/v2\/pages\/4156\/revisions"}],"predecessor-version":[{"id":6132,"href":"https:\/\/openair.al\/en\/wp-json\/wp\/v2\/pages\/4156\/revisions\/6132"}],"wp:attachment":[{"href":"https:\/\/openair.al\/en\/wp-json\/wp\/v2\/media?parent=4156"}],"curies":[{"name":"wp","href":"https:\/\/api.w.org\/{rel}","templated":true}]}}