{"id":6318,"date":"2024-08-19T20:53:50","date_gmt":"2024-08-19T20:53:50","guid":{"rendered":"https:\/\/openair.al\/?post_type=product&#038;p=6318"},"modified":"2024-08-19T20:53:50","modified_gmt":"2024-08-19T20:53:50","slug":"cmendurite-e-perandorit-kusko-e-merkure-21-gusht","status":"publish","type":"product","link":"https:\/\/openair.al\/en\/product\/cmendurite-e-perandorit-kusko-e-merkure-21-gusht\/","title":{"rendered":"\u00c7mendurit\u00eb e Perandorit Kusko [E M\u00ebrkur\u00eb, 21 Gusht]"},"content":{"rendered":"","protected":false},"excerpt":{"rendered":"","protected":false},"featured_media":6316,"template":"","meta":{"om_disable_all_campaigns":false,"_monsterinsights_skip_tracking":false,"_monsterinsights_sitenote_active":false,"_monsterinsights_sitenote_note":"","_monsterinsights_sitenote_category":0,"_uf_show_specific_survey":0,"_uf_disable_surveys":false},"product_brand":[],"product_cat":[79,67,66],"product_tag":[],"class_list":{"0":"post-6318","1":"product","2":"type-product","3":"status-publish","4":"has-post-thumbnail","6":"product_cat-animuar","7":"product_cat-aventure","8":"product_cat-komedi","10":"first","11":"instock","12":"shipping-taxable","13":"purchasable","14":"product-type-simple"},"aioseo_notices":[],"_links":{"self":[{"href":"https:\/\/openair.al\/en\/wp-json\/wp\/v2\/product\/6318","targetHints":{"allow":["GET"]}}],"collection":[{"href":"https:\/\/openair.al\/en\/wp-json\/wp\/v2\/product"}],"about":[{"href":"https:\/\/openair.al\/en\/wp-json\/wp\/v2\/types\/product"}],"wp:featuredmedia":[{"embeddable":true,"href":"https:\/\/openair.al\/en\/wp-json\/wp\/v2\/media\/6316"}],"wp:attachment":[{"href":"https:\/\/openair.al\/en\/wp-json\/wp\/v2\/media?parent=6318"}],"wp:term":[{"taxonomy":"product_brand","embeddable":true,"href":"https:\/\/openair.al\/en\/wp-json\/wp\/v2\/product_brand?post=6318"},{"taxonomy":"product_cat","embeddable":true,"href":"https:\/\/openair.al\/en\/wp-json\/wp\/v2\/product_cat?post=6318"},{"taxonomy":"product_tag","embeddable":true,"href":"https:\/\/openair.al\/en\/wp-json\/wp\/v2\/product_tag?post=6318"}],"curies":[{"name":"wp","href":"https:\/\/api.w.org\/{rel}","templated":true}]}}