{"id":6398,"date":"2024-09-02T13:16:10","date_gmt":"2024-09-02T13:16:10","guid":{"rendered":"https:\/\/openair.al\/?post_type=product&#038;p=6398"},"modified":"2024-09-02T13:16:10","modified_gmt":"2024-09-02T13:16:10","slug":"rruga-per-ne-el-dorado-e-hene-02-shtator","status":"publish","type":"product","link":"https:\/\/openair.al\/en\/product\/rruga-per-ne-el-dorado-e-hene-02-shtator\/","title":{"rendered":"Rruga p\u00ebr n\u00eb El Dorado [E H\u00ebn\u00eb, 02 Shtator]"},"content":{"rendered":"","protected":false},"excerpt":{"rendered":"<p>Filmi fillon ne 20:30<\/p>","protected":false},"featured_media":6382,"template":"","meta":{"om_disable_all_campaigns":false,"_monsterinsights_skip_tracking":false,"_monsterinsights_sitenote_active":false,"_monsterinsights_sitenote_note":"","_monsterinsights_sitenote_category":0,"_uf_show_specific_survey":0,"_uf_disable_surveys":false},"product_brand":[],"product_cat":[79,67,66],"product_tag":[],"class_list":{"0":"post-6398","1":"product","2":"type-product","3":"status-publish","4":"has-post-thumbnail","6":"product_cat-animuar","7":"product_cat-aventure","8":"product_cat-komedi","10":"first","11":"instock","12":"shipping-taxable","13":"purchasable","14":"product-type-simple"},"aioseo_notices":[],"_links":{"self":[{"href":"https:\/\/openair.al\/en\/wp-json\/wp\/v2\/product\/6398","targetHints":{"allow":["GET"]}}],"collection":[{"href":"https:\/\/openair.al\/en\/wp-json\/wp\/v2\/product"}],"about":[{"href":"https:\/\/openair.al\/en\/wp-json\/wp\/v2\/types\/product"}],"wp:featuredmedia":[{"embeddable":true,"href":"https:\/\/openair.al\/en\/wp-json\/wp\/v2\/media\/6382"}],"wp:attachment":[{"href":"https:\/\/openair.al\/en\/wp-json\/wp\/v2\/media?parent=6398"}],"wp:term":[{"taxonomy":"product_brand","embeddable":true,"href":"https:\/\/openair.al\/en\/wp-json\/wp\/v2\/product_brand?post=6398"},{"taxonomy":"product_cat","embeddable":true,"href":"https:\/\/openair.al\/en\/wp-json\/wp\/v2\/product_cat?post=6398"},{"taxonomy":"product_tag","embeddable":true,"href":"https:\/\/openair.al\/en\/wp-json\/wp\/v2\/product_tag?post=6398"}],"curies":[{"name":"wp","href":"https:\/\/api.w.org\/{rel}","templated":true}]}}