{"id":6606,"date":"2025-07-14T14:19:42","date_gmt":"2025-07-14T14:19:42","guid":{"rendered":"https:\/\/openair.al\/?post_type=product&#038;p=6606"},"modified":"2025-07-14T14:19:42","modified_gmt":"2025-07-14T14:19:42","slug":"cmendurite-e-perandorit-e-shtune-19-korrik","status":"publish","type":"product","link":"https:\/\/openair.al\/en\/product\/cmendurite-e-perandorit-e-shtune-19-korrik\/","title":{"rendered":"&#8220;\u00c7mendurit\u00eb e Perandorit&#8221; [E Shtun\u00eb, 19 Korrik]"},"content":{"rendered":"","protected":false},"excerpt":{"rendered":"","protected":false},"featured_media":6597,"template":"","meta":{"om_disable_all_campaigns":false,"_monsterinsights_skip_tracking":false,"_monsterinsights_sitenote_active":false,"_monsterinsights_sitenote_note":"","_monsterinsights_sitenote_category":0,"_uf_show_specific_survey":0,"_uf_disable_surveys":false},"product_brand":[],"product_cat":[91],"product_tag":[],"class_list":{"0":"post-6606","1":"product","2":"type-product","3":"status-publish","4":"has-post-thumbnail","6":"product_cat-dublim-shqip","8":"first","9":"instock","10":"shipping-taxable","11":"purchasable","12":"product-type-simple"},"aioseo_notices":[],"_links":{"self":[{"href":"https:\/\/openair.al\/en\/wp-json\/wp\/v2\/product\/6606","targetHints":{"allow":["GET"]}}],"collection":[{"href":"https:\/\/openair.al\/en\/wp-json\/wp\/v2\/product"}],"about":[{"href":"https:\/\/openair.al\/en\/wp-json\/wp\/v2\/types\/product"}],"wp:featuredmedia":[{"embeddable":true,"href":"https:\/\/openair.al\/en\/wp-json\/wp\/v2\/media\/6597"}],"wp:attachment":[{"href":"https:\/\/openair.al\/en\/wp-json\/wp\/v2\/media?parent=6606"}],"wp:term":[{"taxonomy":"product_brand","embeddable":true,"href":"https:\/\/openair.al\/en\/wp-json\/wp\/v2\/product_brand?post=6606"},{"taxonomy":"product_cat","embeddable":true,"href":"https:\/\/openair.al\/en\/wp-json\/wp\/v2\/product_cat?post=6606"},{"taxonomy":"product_tag","embeddable":true,"href":"https:\/\/openair.al\/en\/wp-json\/wp\/v2\/product_tag?post=6606"}],"curies":[{"name":"wp","href":"https:\/\/api.w.org\/{rel}","templated":true}]}}